{"id":30756,"date":"2022-02-27T17:21:17","date_gmt":"2022-02-27T17:21:17","guid":{"rendered":"https:\/\/morawiec-kot.pl\/sp\/?page_id=30756"},"modified":"2022-08-09T16:44:31","modified_gmt":"2022-08-09T16:44:31","slug":"uniewaznienie-kredytu-w-chf-kredyty-frankowe-odfrankowienie-kredytu","status":"publish","type":"page","link":"https:\/\/morawiec-kot.pl\/sp\/uniewaznienie-kredytu-w-chf-kredyty-frankowe-odfrankowienie-kredytu\/","title":{"rendered":"Odrfankowienie"},"content":{"rendered":"<p>[et_pb_section fb_built=&#8221;1&#8243; disabled_on=&#8221;off|off|off&#8221; module_class=&#8221;liberty_img_overlay&#8221; _builder_version=&#8221;4.16&#8243; use_background_color_gradient=&#8221;on&#8221; background_color_gradient_stops=&#8221;rgba(0,0,0,0.72) 0%|rgba(0,0,0,0.8) 100%&#8221; background_color_gradient_overlays_image=&#8221;on&#8221; background_color_gradient_start=&#8221;rgba(0,0,0,0.72)&#8221; background_color_gradient_end=&#8221;rgba(0,0,0,0.8)&#8221; background_image=&#8221;https:\/\/morawiec-kot.pl\/sp\/wp-content\/uploads\/2022\/02\/kredyt-we-frankach-warszawa-uniewaz\u0307nienie-scaled.jpg&#8221; custom_margin=&#8221;-80px||&#8221; custom_padding=&#8221;150px|0|0px|0|false|false&#8221; global_colors_info=&#8221;{}&#8221;][\/et_pb_section][et_pb_section fb_built=&#8221;1&#8243; _builder_version=&#8221;4.16&#8243; custom_padding=&#8221;80px|0px|50px|0px|false|false&#8221; global_colors_info=&#8221;{}&#8221;][et_pb_row column_structure=&#8221;1_2,1_2&#8243; _builder_version=&#8221;4.16&#8243; global_colors_info=&#8221;{}&#8221;][et_pb_column type=&#8221;1_2&#8243; _builder_version=&#8221;4.16&#8243; custom_padding=&#8221;|||&#8221; global_colors_info=&#8221;{}&#8221; custom_padding__hover=&#8221;|||&#8221;][et_pb_text disabled_on=&#8221;on|on|off&#8221; module_class=&#8221;secondary-heading&#8221; _builder_version=&#8221;4.16&#8243; header_4_font_size=&#8221;16px&#8221; text_orientation=&#8221;right&#8221; custom_margin=&#8221;6px||0px|||&#8221; custom_padding=&#8221;41px||8px|||&#8221; header_4_font_size_tablet=&#8221;14px&#8221; header_4_font_size_phone=&#8221;12px&#8221; header_4_font_size_last_edited=&#8221;on|phone&#8221; global_colors_info=&#8221;{}&#8221;]<\/p>\n<h1>Masz kredyt we frankach?<\/h1>\n<h1>Sprawd\u017a jak\u0105 kwot\u0119 mo\u017cesz odzyska\u0107<\/h1>\n<p>[\/et_pb_text][et_pb_text disabled_on=&#8221;off|off|on&#8221; module_class=&#8221;secondary-heading&#8221; _builder_version=&#8221;4.16&#8243; header_text_align=&#8221;left&#8221; header_font_size=&#8221;21px&#8221; header_4_font_size=&#8221;11px&#8221; text_orientation=&#8221;right&#8221; custom_margin=&#8221;6px||0px|||&#8221; custom_padding=&#8221;41px||8px|||&#8221; header_4_font_size_tablet=&#8221;14px&#8221; header_4_font_size_phone=&#8221;12px&#8221; header_4_font_size_last_edited=&#8221;on|phone&#8221; global_colors_info=&#8221;{}&#8221;]<\/p>\n<h1>Masz\u00a0kredyt\u00a0we frankach?<\/h1>\n<h1>Sprawd\u017a jak\u0105 kwot\u0119 mo\u017cesz odzyska\u0107.<\/h1>\n<p>[\/et_pb_text][\/et_pb_column][et_pb_column type=&#8221;1_2&#8243; _builder_version=&#8221;4.16&#8243; custom_padding=&#8221;|||&#8221; global_colors_info=&#8221;{}&#8221; custom_padding__hover=&#8221;|||&#8221;][et_pb_text _builder_version=&#8221;4.16&#8243; text_font=&#8221;||||||||&#8221; text_text_color=&#8221;#000000&#8243; header_font=&#8221;||||||||&#8221; header_2_font=&#8221;||||||||&#8221; header_2_font_size=&#8221;53px&#8221; text_orientation=&#8221;right&#8221; header_2_font_size_tablet=&#8221;42px&#8221; header_2_font_size_phone=&#8221;30px&#8221; header_2_font_size_last_edited=&#8221;on|desktop&#8221; global_colors_info=&#8221;{}&#8221;]<\/p>\n<p style=\"text-align: justify;\">Post\u0119powanie s\u0105dowe w zakresie stwierdzenia niewa\u017cno\u015bci umowy kredytu ma na celu obni\u017cenie kwoty sp\u0142acanego kredytu do kwoty \u201efizycznie\u201d wyp\u0142aconej przez Bank, a co za tym idzie w praktyce dochodzi r\u00f3wnie\u017c do zniwelowania si\u0119 odsetek od kredytu. Nabyte do\u015bwiadczenie i znajomo\u015b\u0107 przepis\u00f3w prawa pozwala prawnikom Kancelarii na skuteczne przeprowadzenie post\u0119powania w zakresie uniewa\u017cnienia Umowy kredytowej. Dzi\u0119ki wsparciu profesjonalnego prawnika, procedura s\u0105dowa nie b\u0119dzie dla Pa\u0144stwa traumatycznym do\u015bwiadczeniem, a instytucj\u0105 pozwalaj\u0105c\u0105 na wyklarowanie Pa\u0144stwa sytuacji finansowej. Zach\u0119camy Pa\u0144stwa do wype\u0142nienia formularza znajduj\u0105cego si\u0119 poni\u017cej i skorzystania tym samym z bezp\u0142atnej analizy w zakresie mo\u017cliwo\u015bci uniewa\u017cnienia, zawartej przez Pa\u0144stwa Umowy kredytowej z Bankiem w walucie obcej. Po dokonaniu analizy w powy\u017cszym zakresie zostanie ona Pa\u0144stwu przes\u0142ana na wskazany adres e-mail wraz z ofert\u0105 ewentualnej wsp\u00f3\u0142pracy z Kancelari\u0105 w zakresie prowadzenia post\u0119powania s\u0105dowego.<\/p>\n<p>[\/et_pb_text][et_pb_text module_class=&#8221;secondary-heading&#8221; _builder_version=&#8221;4.16&#8243; header_font_size=&#8221;18px&#8221; header_4_font_size=&#8221;16px&#8221; text_orientation=&#8221;right&#8221; custom_margin=&#8221;6px||0px|||&#8221; custom_padding=&#8221;41px||8px|||&#8221; header_4_font_size_tablet=&#8221;14px&#8221; header_4_font_size_phone=&#8221;12px&#8221; header_4_font_size_last_edited=&#8221;on|phone&#8221; global_colors_info=&#8221;{}&#8221;]<\/p>\n<h1>Prze\u015blij do nas zapytanie w sprawie swojego kredytu<\/h1>\n<p>[\/et_pb_text][\/et_pb_column][\/et_pb_row][et_pb_row _builder_version=&#8221;4.16&#8243; _module_preset=&#8221;default&#8221; hover_enabled=&#8221;0&#8243; global_colors_info=&#8221;{}&#8221; sticky_enabled=&#8221;0&#8243;][et_pb_column type=&#8221;4_4&#8243; _builder_version=&#8221;4.16&#8243; _module_preset=&#8221;default&#8221; global_colors_info=&#8221;{}&#8221;][et_pb_contact_form use_spam_service=&#8221;on&#8221; email=&#8221;kancelaria@morawiec-kot.pl&#8221; _builder_version=&#8221;4.17.6&#8243; _module_preset=&#8221;default&#8221; global_colors_info=&#8221;{}&#8221;][et_pb_contact_field field_id=&#8221;Czy_Bank_wyp\u0142aci\u0142_(fizycznie)_pieni\u0105dze_z_kredytu_w_polskich_z\u0142otych,_czy_w_walucie_obcej?&#8221; field_title=&#8221;Czy Bank wyp\u0142aci\u0142 (fizycznie) pieni\u0105dze z kredytu w polskich z\u0142otych, czy w walucie obcej?&#8221; fullwidth_field=&#8221;on&#8221; _builder_version=&#8221;4.17.6&#8243; global_colors_info=&#8221;{}&#8221; button_text_size__hover_enabled=&#8221;off&#8221; button_one_text_size__hover_enabled=&#8221;off&#8221; button_two_text_size__hover_enabled=&#8221;off&#8221; button_text_color__hover_enabled=&#8221;off&#8221; button_one_text_color__hover_enabled=&#8221;off&#8221; button_two_text_color__hover_enabled=&#8221;off&#8221; button_border_width__hover_enabled=&#8221;off&#8221; button_one_border_width__hover_enabled=&#8221;off&#8221; button_two_border_width__hover_enabled=&#8221;off&#8221; button_border_color__hover_enabled=&#8221;off&#8221; button_one_border_color__hover_enabled=&#8221;off&#8221; button_two_border_color__hover_enabled=&#8221;off&#8221; button_border_radius__hover_enabled=&#8221;off&#8221; button_one_border_radius__hover_enabled=&#8221;off&#8221; button_two_border_radius__hover_enabled=&#8221;off&#8221; button_letter_spacing__hover_enabled=&#8221;off&#8221; button_one_letter_spacing__hover_enabled=&#8221;off&#8221; button_two_letter_spacing__hover_enabled=&#8221;off&#8221; button_bg_color__hover_enabled=&#8221;off&#8221; button_one_bg_color__hover_enabled=&#8221;off&#8221; button_two_bg_color__hover_enabled=&#8221;off&#8221;][\/et_pb_contact_field][et_pb_contact_field field_id=&#8221;Ile_konkretnie_z\u0142ot\u00f3wek_(waluty_obcej)_wyp\u0142aci\u0142_Panu\/Pani_Bank_na_konto_bankowe,_b\u0105d\u017a_na_konto_bankowe_zbywcy_nieruchomo\u015bci\/dewelopera?&#8221; field_title=&#8221;Ile konkretnie z\u0142ot\u00f3wek (waluty obcej) wyp\u0142aci\u0142 Panu\/Pani Bank na konto bankowe, b\u0105d\u017a na konto bankowe zbywcy nieruchomo\u015bci\/dewelopera?&#8221; fullwidth_field=&#8221;on&#8221; _builder_version=&#8221;4.17.6&#8243; global_colors_info=&#8221;{}&#8221; button_text_size__hover_enabled=&#8221;off&#8221; button_one_text_size__hover_enabled=&#8221;off&#8221; button_two_text_size__hover_enabled=&#8221;off&#8221; button_text_color__hover_enabled=&#8221;off&#8221; button_one_text_color__hover_enabled=&#8221;off&#8221; button_two_text_color__hover_enabled=&#8221;off&#8221; button_border_width__hover_enabled=&#8221;off&#8221; button_one_border_width__hover_enabled=&#8221;off&#8221; button_two_border_width__hover_enabled=&#8221;off&#8221; button_border_color__hover_enabled=&#8221;off&#8221; button_one_border_color__hover_enabled=&#8221;off&#8221; button_two_border_color__hover_enabled=&#8221;off&#8221; button_border_radius__hover_enabled=&#8221;off&#8221; button_one_border_radius__hover_enabled=&#8221;off&#8221; button_two_border_radius__hover_enabled=&#8221;off&#8221; button_letter_spacing__hover_enabled=&#8221;off&#8221; button_one_letter_spacing__hover_enabled=&#8221;off&#8221; button_two_letter_spacing__hover_enabled=&#8221;off&#8221; button_bg_color__hover_enabled=&#8221;off&#8221; button_one_bg_color__hover_enabled=&#8221;off&#8221; button_two_bg_color__hover_enabled=&#8221;off&#8221;][\/et_pb_contact_field][et_pb_contact_field field_id=&#8221;Czy_\u015brodki_na_sp\u0142at\u0119_kredytu_by\u0142y_przez_Pana\/Pani\u0105_przelewane_do_Banku_w_polskich_z\u0142otych_czy_w_walucie_obcej?&#8221; field_title=&#8221;Czy \u015brodki na sp\u0142at\u0119 kredytu by\u0142y przez Pana\/Pani\u0105 przelewane do Banku w polskich z\u0142otych czy w walucie obcej?&#8221; fullwidth_field=&#8221;on&#8221; _builder_version=&#8221;4.17.6&#8243; global_colors_info=&#8221;{}&#8221; button_text_size__hover_enabled=&#8221;off&#8221; button_one_text_size__hover_enabled=&#8221;off&#8221; button_two_text_size__hover_enabled=&#8221;off&#8221; button_text_color__hover_enabled=&#8221;off&#8221; button_one_text_color__hover_enabled=&#8221;off&#8221; button_two_text_color__hover_enabled=&#8221;off&#8221; button_border_width__hover_enabled=&#8221;off&#8221; button_one_border_width__hover_enabled=&#8221;off&#8221; button_two_border_width__hover_enabled=&#8221;off&#8221; button_border_color__hover_enabled=&#8221;off&#8221; button_one_border_color__hover_enabled=&#8221;off&#8221; button_two_border_color__hover_enabled=&#8221;off&#8221; button_border_radius__hover_enabled=&#8221;off&#8221; button_one_border_radius__hover_enabled=&#8221;off&#8221; button_two_border_radius__hover_enabled=&#8221;off&#8221; button_letter_spacing__hover_enabled=&#8221;off&#8221; button_one_letter_spacing__hover_enabled=&#8221;off&#8221; button_two_letter_spacing__hover_enabled=&#8221;off&#8221; button_bg_color__hover_enabled=&#8221;off&#8221; button_one_bg_color__hover_enabled=&#8221;off&#8221; button_two_bg_color__hover_enabled=&#8221;off&#8221;][\/et_pb_contact_field][et_pb_contact_field field_id=&#8221;Czy_umow\u0119_zosta\u0142a_zawarta_przez_Pana\/Pani\u0105,_jako_osoba_fizyczna,_czy_jako_osoba_fizyczna_prowadz\u0105ca_dzia\u0142alno\u015b\u0107_gospodarcz\u0105?&#8221; field_title=&#8221;Czy umow\u0119 zosta\u0142a zawarta przez Pana\/Pani\u0105, jako osoba fizyczna, czy jako osoba fizyczna prowadz\u0105ca dzia\u0142alno\u015b\u0107 gospodarcz\u0105?&#8221; fullwidth_field=&#8221;on&#8221; _builder_version=&#8221;4.17.6&#8243; global_colors_info=&#8221;{}&#8221; button_text_size__hover_enabled=&#8221;off&#8221; button_one_text_size__hover_enabled=&#8221;off&#8221; button_two_text_size__hover_enabled=&#8221;off&#8221; button_text_color__hover_enabled=&#8221;off&#8221; button_one_text_color__hover_enabled=&#8221;off&#8221; button_two_text_color__hover_enabled=&#8221;off&#8221; button_border_width__hover_enabled=&#8221;off&#8221; button_one_border_width__hover_enabled=&#8221;off&#8221; button_two_border_width__hover_enabled=&#8221;off&#8221; button_border_color__hover_enabled=&#8221;off&#8221; button_one_border_color__hover_enabled=&#8221;off&#8221; button_two_border_color__hover_enabled=&#8221;off&#8221; button_border_radius__hover_enabled=&#8221;off&#8221; button_one_border_radius__hover_enabled=&#8221;off&#8221; button_two_border_radius__hover_enabled=&#8221;off&#8221; button_letter_spacing__hover_enabled=&#8221;off&#8221; button_one_letter_spacing__hover_enabled=&#8221;off&#8221; button_two_letter_spacing__hover_enabled=&#8221;off&#8221; button_bg_color__hover_enabled=&#8221;off&#8221; button_one_bg_color__hover_enabled=&#8221;off&#8221; button_two_bg_color__hover_enabled=&#8221;off&#8221;][\/et_pb_contact_field][et_pb_contact_field field_id=&#8221;Adres_mailowy&#8221; field_title=&#8221;Prosimy o wskazanie adresu mailowego do kontaktu&#8221; fullwidth_field=&#8221;on&#8221; _builder_version=&#8221;4.17.6&#8243; global_colors_info=&#8221;{}&#8221; button_text_size__hover_enabled=&#8221;off&#8221; button_one_text_size__hover_enabled=&#8221;off&#8221; button_two_text_size__hover_enabled=&#8221;off&#8221; button_text_color__hover_enabled=&#8221;off&#8221; button_one_text_color__hover_enabled=&#8221;off&#8221; button_two_text_color__hover_enabled=&#8221;off&#8221; button_border_width__hover_enabled=&#8221;off&#8221; button_one_border_width__hover_enabled=&#8221;off&#8221; button_two_border_width__hover_enabled=&#8221;off&#8221; button_border_color__hover_enabled=&#8221;off&#8221; button_one_border_color__hover_enabled=&#8221;off&#8221; button_two_border_color__hover_enabled=&#8221;off&#8221; button_border_radius__hover_enabled=&#8221;off&#8221; button_one_border_radius__hover_enabled=&#8221;off&#8221; button_two_border_radius__hover_enabled=&#8221;off&#8221; button_letter_spacing__hover_enabled=&#8221;off&#8221; button_one_letter_spacing__hover_enabled=&#8221;off&#8221; button_two_letter_spacing__hover_enabled=&#8221;off&#8221; button_bg_color__hover_enabled=&#8221;off&#8221; button_one_bg_color__hover_enabled=&#8221;off&#8221; button_two_bg_color__hover_enabled=&#8221;off&#8221;][\/et_pb_contact_field][\/et_pb_contact_form][et_pb_text disabled_on=&#8221;on|on|off&#8221; _builder_version=&#8221;4.16&#8243; _module_preset=&#8221;default&#8221; text_text_color=&#8221;#000000&#8243; text_font_size=&#8221;11px&#8221; text_line_height=&#8221;1.3em&#8221; custom_padding=&#8221;10px|||||&#8221; global_colors_info=&#8221;{}&#8221;]<\/p>\n<p style=\"text-align: justify;\">Administratorem danych osobowych jest Kancelaria MORAWIEC &amp; KOT SP\u00d3\u0141KA Z OGRANICZON\u0104 ODPOWIEDZIALNO\u015aCI\u0104 SP\u00d3\u0141KA KOMANDYTOWA, NIP: 7010204067, z siedzib\u0105 w Warszawie, kod pocztowy 02-903, ul. Powsi\u0144ska 74E\/5. Dane osobowe podane w formularzu b\u0119d\u0105 przetwarzane tylko w celu odpowiedzi na zadane pytanie. Podanie danych jest dobrowolne aczkolwiek niezb\u0119dne w celu kontaktu. Dane osobowe nie b\u0119d\u0105 przechowywane. Odbiorcami danych b\u0119d\u0105 podmioty wsp\u00f3\u0142pracuj\u0105ce w Administratorem Danych w celu zapewnienia prawid\u0142owej realizacji wydarzenia. Osobie przys\u0142uguje prawo dost\u0119pu do tre\u015bci swoich danych oraz ich poprawienia. Osobie przys\u0142uguje prawo wniesienia skargi do PUODO, gdy uzna, \u017ce przetwarzanie jej danych osobowych, narusza przepisy og\u00f3lnego rozporz\u0105dzenia o ochronie danych osobowych z dnia 27 kwietnia 2016 r. Dane nie b\u0119d\u0105 przetwarzane w spos\u00f3b zautomatyzowany oraz nie b\u0119d\u0105 przekazywane do pa\u0144stwa trzeciego.<\/p>\n<p>[\/et_pb_text][et_pb_text disabled_on=&#8221;off|off|on&#8221; _builder_version=&#8221;4.16&#8243; _module_preset=&#8221;default&#8221; text_text_color=&#8221;#000000&#8243; text_font_size=&#8221;11px&#8221; text_line_height=&#8221;1.3em&#8221; custom_padding=&#8221;0px|||||&#8221; global_colors_info=&#8221;{}&#8221;]<\/p>\n<p style=\"text-align: justify;\">Administratorem danych osobowych jest Kancelaria MORAWIEC &amp; KOT SP\u00d3\u0141KA Z OGRANICZON\u0104 ODPOWIEDZIALNO\u015aCI\u0104 SP\u00d3\u0141KA KOMANDYTOWA, NIP: 7010204067, z siedzib\u0105 w Warszawie, kod pocztowy 02-903, ul. Powsi\u0144ska 74E\/5. Dane osobowe podane w formularzu b\u0119d\u0105 przetwarzane tylko w celu odpowiedzi na zadane pytanie. Podanie danych jest dobrowolne aczkolwiek niezb\u0119dne w celu kontaktu. Dane osobowe nie b\u0119d\u0105 przechowywane. Odbiorcami danych b\u0119d\u0105 podmioty wsp\u00f3\u0142pracuj\u0105ce w Administratorem Danych w celu zapewnienia prawid\u0142owej realizacji wydarzenia. Osobie przys\u0142uguje prawo dost\u0119pu do tre\u015bci swoich danych oraz ich poprawienia. Osobie przys\u0142uguje prawo wniesienia skargi do PUODO, gdy uzna, \u017ce przetwarzanie jej danych osobowych, narusza przepisy og\u00f3lnego rozporz\u0105dzenia o ochronie danych osobowych z dnia 27 kwietnia 2016 r. Dane nie b\u0119d\u0105 przetwarzane w spos\u00f3b zautomatyzowany oraz nie b\u0119d\u0105 przekazywane do pa\u0144stwa trzeciego.<\/p>\n<p>[\/et_pb_text][\/et_pb_column][\/et_pb_row][\/et_pb_section][et_pb_section fb_built=&#8221;1&#8243; disabled_on=&#8221;on|on|off&#8221; _builder_version=&#8221;4.16&#8243; background_color=&#8221;#1b213a&#8221; custom_padding=&#8221;40px|0px|50px|0px|false|false&#8221; global_colors_info=&#8221;{}&#8221;][et_pb_row _builder_version=&#8221;4.16&#8243; global_colors_info=&#8221;{}&#8221;][et_pb_column type=&#8221;4_4&#8243; _builder_version=&#8221;4.16&#8243; custom_padding=&#8221;|||&#8221; global_colors_info=&#8221;{}&#8221; custom_padding__hover=&#8221;|||&#8221;][et_pb_text _builder_version=&#8221;4.16&#8243; text_font=&#8221;||||||||&#8221; text_text_color=&#8221;rgba(255,255,255,0.49)&#8221; text_font_size=&#8221;24px&#8221; text_line_height=&#8221;1.4em&#8221; header_font=&#8221;||||||||&#8221; header_2_font=&#8221;||||||||&#8221; header_2_font_size=&#8221;53px&#8221; header_3_font=&#8221;||||||||&#8221; text_orientation=&#8221;center&#8221; background_layout=&#8221;dark&#8221; text_font_size_tablet=&#8221;&#8221; text_font_size_phone=&#8221;18px&#8221; text_font_size_last_edited=&#8221;on|phone&#8221; header_2_font_size_tablet=&#8221;38px&#8221; header_2_font_size_phone=&#8221;26px&#8221; header_2_font_size_last_edited=&#8221;on|phone&#8221; global_colors_info=&#8221;{}&#8221;]<\/p>\n<h2>Zapraszamy do\u00a0<span style=\"color: #afa46e;\">wsp\u00f3\u0142pracy<\/span> z Kancelari\u0105<\/h2>\n<p>Jeste\u015bmy do Pa\u0144stwa dyspozycji<\/p>\n<p>[\/et_pb_text][et_pb_button button_url=&#8221;https:\/\/morawiec-kot.pl\/sp\/tlumacz-przysiegly-warszawa-radom-angielski-francuski\/&#8221; button_text=&#8221;Kontakt&#8221; button_alignment=&#8221;center&#8221; _builder_version=&#8221;4.16&#8243; global_colors_info=&#8221;{}&#8221; button_text_size__hover_enabled=&#8221;off&#8221; button_text_size__hover=&#8221;null&#8221; button_one_text_size__hover_enabled=&#8221;off&#8221; button_one_text_size__hover=&#8221;null&#8221; button_two_text_size__hover_enabled=&#8221;off&#8221; button_two_text_size__hover=&#8221;null&#8221; button_text_color__hover_enabled=&#8221;off&#8221; button_text_color__hover=&#8221;null&#8221; button_one_text_color__hover_enabled=&#8221;off&#8221; button_one_text_color__hover=&#8221;null&#8221; button_two_text_color__hover_enabled=&#8221;off&#8221; button_two_text_color__hover=&#8221;null&#8221; button_border_width__hover_enabled=&#8221;off&#8221; button_border_width__hover=&#8221;null&#8221; button_one_border_width__hover_enabled=&#8221;off&#8221; button_one_border_width__hover=&#8221;null&#8221; button_two_border_width__hover_enabled=&#8221;off&#8221; button_two_border_width__hover=&#8221;null&#8221; button_border_color__hover_enabled=&#8221;off&#8221; button_border_color__hover=&#8221;null&#8221; button_one_border_color__hover_enabled=&#8221;off&#8221; button_one_border_color__hover=&#8221;null&#8221; button_two_border_color__hover_enabled=&#8221;off&#8221; button_two_border_color__hover=&#8221;null&#8221; button_border_radius__hover_enabled=&#8221;off&#8221; button_border_radius__hover=&#8221;null&#8221; button_one_border_radius__hover_enabled=&#8221;off&#8221; button_one_border_radius__hover=&#8221;null&#8221; button_two_border_radius__hover_enabled=&#8221;off&#8221; button_two_border_radius__hover=&#8221;null&#8221; button_letter_spacing__hover_enabled=&#8221;off&#8221; button_letter_spacing__hover=&#8221;null&#8221; button_one_letter_spacing__hover_enabled=&#8221;off&#8221; button_one_letter_spacing__hover=&#8221;null&#8221; button_two_letter_spacing__hover_enabled=&#8221;off&#8221; button_two_letter_spacing__hover=&#8221;null&#8221; button_bg_color__hover_enabled=&#8221;off&#8221; button_bg_color__hover=&#8221;null&#8221; button_one_bg_color__hover_enabled=&#8221;off&#8221; button_one_bg_color__hover=&#8221;null&#8221; button_two_bg_color__hover_enabled=&#8221;off&#8221; button_two_bg_color__hover=&#8221;null&#8221;]&nbsp;<br \/>\n[\/et_pb_button][\/et_pb_column][\/et_pb_row][\/et_pb_section]<\/p>\n","protected":false},"excerpt":{"rendered":"<p>Masz kredyt we frankach? Sprawd\u017a jak\u0105 kwot\u0119 mo\u017cesz odzyska\u0107Masz\u00a0kredyt\u00a0we frankach? Sprawd\u017a jak\u0105 kwot\u0119 mo\u017cesz odzyska\u0107.Post\u0119powanie s\u0105dowe w zakresie stwierdzenia niewa\u017cno\u015bci umowy kredytu ma na celu obni\u017cenie kwoty sp\u0142acanego kredytu do kwoty \u201efizycznie\u201d wyp\u0142aconej przez Bank, a co za tym idzie w praktyce dochodzi r\u00f3wnie\u017c do zniwelowania si\u0119 odsetek od kredytu. Nabyte do\u015bwiadczenie i znajomo\u015b\u0107 przepis\u00f3w [&hellip;]<\/p>\n","protected":false},"author":1,"featured_media":0,"parent":0,"menu_order":0,"comment_status":"closed","ping_status":"closed","template":"","meta":{"_et_pb_use_builder":"on","_et_pb_old_content":"","_et_gb_content_width":"","footnotes":""},"dipi_cpt_category":[],"class_list":["post-30756","page","type-page","status-publish","hentry"],"yoast_head":"<!-- This site is optimized with the Yoast SEO Premium plugin v15.3 - https:\/\/yoast.com\/wordpress\/plugins\/seo\/ -->\n<title>Uniewa\u017cnienie Kredytu w CHF - Kredyty frankowe, odfrankowienie kredytu<\/title>\n<meta name=\"description\" content=\"Uniewa\u017cnienie Kredytu w CHF - Kredyty frankowe, odfrankowienie kredytu. Masz kredyt we frankach? Sprawd\u017a jak\u0105 kwot\u0119 mo\u017cesz odzyska\u0107.\" \/>\n<meta name=\"robots\" content=\"index, follow, max-snippet:-1, max-image-preview:large, max-video-preview:-1\" \/>\n<link rel=\"canonical\" href=\"https:\/\/morawiec-kot.pl\/sp\/uniewaznienie-kredytu-w-chf-kredyty-frankowe-odfrankowienie-kredytu\/\" \/>\n<meta property=\"og:locale\" content=\"pl_PL\" \/>\n<meta property=\"og:type\" content=\"article\" \/>\n<meta property=\"og:title\" content=\"Uniewa\u017cnienie Kredytu w CHF - Kredyty frankowe, odfrankowienie kredytu\" \/>\n<meta property=\"og:description\" content=\"Uniewa\u017cnienie Kredytu w CHF - Kredyty frankowe, odfrankowienie kredytu. Masz kredyt we frankach? Sprawd\u017a jak\u0105 kwot\u0119 mo\u017cesz odzyska\u0107.\" \/>\n<meta property=\"og:url\" content=\"https:\/\/morawiec-kot.pl\/sp\/uniewaznienie-kredytu-w-chf-kredyty-frankowe-odfrankowienie-kredytu\/\" \/>\n<meta property=\"og:site_name\" content=\"Kancelaria Prawna Morawiec&amp;Kot Warszawa\" \/>\n<meta property=\"article:modified_time\" content=\"2022-08-09T16:44:31+00:00\" \/>\n<meta name=\"twitter:card\" content=\"summary_large_image\" \/>\n<meta name=\"twitter:label1\" content=\"Napisane przez\">\n\t<meta name=\"twitter:data1\" content=\"admin\">\n\t<meta name=\"twitter:label2\" content=\"Szacowany czas czytania\">\n\t<meta name=\"twitter:data2\" content=\"9 minut\">\n<script type=\"application\/ld+json\" class=\"yoast-schema-graph\">{\"@context\":\"https:\/\/schema.org\",\"@graph\":[{\"@type\":\"WebSite\",\"@id\":\"https:\/\/morawiec-kot.pl\/sp\/#website\",\"url\":\"https:\/\/morawiec-kot.pl\/sp\/\",\"name\":\"Kancelaria Prawna Morawiec&amp;Kot Warszawa\",\"description\":\"Kancelaria Prawna Morawiec&amp;Kot\",\"potentialAction\":[{\"@type\":\"SearchAction\",\"target\":\"https:\/\/morawiec-kot.pl\/sp\/?s={search_term_string}\",\"query-input\":\"required name=search_term_string\"}],\"inLanguage\":\"pl-PL\"},{\"@type\":\"WebPage\",\"@id\":\"https:\/\/morawiec-kot.pl\/sp\/uniewaznienie-kredytu-w-chf-kredyty-frankowe-odfrankowienie-kredytu\/#webpage\",\"url\":\"https:\/\/morawiec-kot.pl\/sp\/uniewaznienie-kredytu-w-chf-kredyty-frankowe-odfrankowienie-kredytu\/\",\"name\":\"Uniewa\\u017cnienie Kredytu w CHF - Kredyty frankowe, odfrankowienie kredytu\",\"isPartOf\":{\"@id\":\"https:\/\/morawiec-kot.pl\/sp\/#website\"},\"datePublished\":\"2022-02-27T17:21:17+00:00\",\"dateModified\":\"2022-08-09T16:44:31+00:00\",\"description\":\"Uniewa\\u017cnienie Kredytu w CHF - Kredyty frankowe, odfrankowienie kredytu. Masz kredyt we frankach? Sprawd\\u017a jak\\u0105 kwot\\u0119 mo\\u017cesz odzyska\\u0107.\",\"inLanguage\":\"pl-PL\",\"potentialAction\":[{\"@type\":\"ReadAction\",\"target\":[\"https:\/\/morawiec-kot.pl\/sp\/uniewaznienie-kredytu-w-chf-kredyty-frankowe-odfrankowienie-kredytu\/\"]}]}]}<\/script>\n<!-- \/ Yoast SEO Premium plugin. -->","_links":{"self":[{"href":"https:\/\/morawiec-kot.pl\/sp\/wp-json\/wp\/v2\/pages\/30756","targetHints":{"allow":["GET"]}}],"collection":[{"href":"https:\/\/morawiec-kot.pl\/sp\/wp-json\/wp\/v2\/pages"}],"about":[{"href":"https:\/\/morawiec-kot.pl\/sp\/wp-json\/wp\/v2\/types\/page"}],"author":[{"embeddable":true,"href":"https:\/\/morawiec-kot.pl\/sp\/wp-json\/wp\/v2\/users\/1"}],"replies":[{"embeddable":true,"href":"https:\/\/morawiec-kot.pl\/sp\/wp-json\/wp\/v2\/comments?post=30756"}],"version-history":[{"count":14,"href":"https:\/\/morawiec-kot.pl\/sp\/wp-json\/wp\/v2\/pages\/30756\/revisions"}],"predecessor-version":[{"id":30904,"href":"https:\/\/morawiec-kot.pl\/sp\/wp-json\/wp\/v2\/pages\/30756\/revisions\/30904"}],"wp:attachment":[{"href":"https:\/\/morawiec-kot.pl\/sp\/wp-json\/wp\/v2\/media?parent=30756"}],"wp:term":[{"taxonomy":"dipi_cpt_category","embeddable":true,"href":"https:\/\/morawiec-kot.pl\/sp\/wp-json\/wp\/v2\/dipi_cpt_category?post=30756"}],"curies":[{"name":"wp","href":"https:\/\/api.w.org\/{rel}","templated":true}]}}